{"id":141,"date":"2021-08-18T13:23:46","date_gmt":"2021-08-18T13:23:46","guid":{"rendered":"http:\/\/www.protagoras.tue.nl\/BuEx\/?page_id=141"},"modified":"2021-12-07T09:25:08","modified_gmt":"2021-12-07T09:25:08","slug":"ireland-information","status":"publish","type":"page","link":"https:\/\/www.protagoras.tue.nl\/BuEx\/ireland-information\/","title":{"rendered":"Ireland Information"},"content":{"rendered":"<h1><strong>Information about Ireland<\/strong><\/h1>\n<p>The destination of this year\u2019s study trip is Ireland, a country which is well known for its green landscapes. It is therefore often referred to as Emerald Isle. You will find secluded beaches, high cliffs, pristine lakes, oceans, waterfalls, mountains and so much more. The country\u2019s culture is reflected in lively folklore from leprechauns that chase rainbows and pots of gold to the patron Saint Patrick who is said to have chased all snakes from the island.<\/p>\n<p><em>What is Ireland most famous and known for?<\/em><\/p>\n<ul>\n<li><strong>St. Patrick\u2019s Day<\/strong>: the Irish-born holiday is celebrated around the world. Nowadays, we know the day as a festival with large parades, marching bands and floats. However, originally the holiday was a sombre\u00a0one to commemorate the death of the patron St. Patrick on March 17, 461 AD.<\/li>\n<li><strong>The shamrock<\/strong>: is a three leaf clover, an important symbol in Ireland and to the Irish Catholic faith. St. Patrick used the three leaves to explain the Holy Trinity of the Father, Son and Holy Spirit.<\/li>\n<li><strong>Irish food<\/strong>: can be described as tasty and comforting. Dishes like Irish stew, corned beef and cabbage, and Irish soda bread are popular around the world.<\/li>\n<li><strong>Irish pubs<\/strong>: have been replicated around the world, but nowhere better than in Ireland itself. The laidback atmosphere and lively banter are unique to the nation and conversations with strange come easily.<\/li>\n<li><strong>Guinness beer<\/strong>: the Irish have a long history of brewing beer tracing back to at least 300 years ago. Most popular Guinness, also referred to as \u201cthe black stuff\u201d. The beer is actually a dark ruby red stout that has a distinct taste and a thick creamy head.<\/li>\n<li><strong>Irish whiskey<\/strong>: the first known document to mention the spirit is dated back to 1405, and is thereby the oldest whisky.<\/li>\n<\/ul>\n<p>Interesting as well, is that there are currently over 400 biotech sector companies in Ireland with more in line. Trinity college Dublin runs a specific program in Tissue Engineering and it has consistently ranked in top 100 universities of the world.<\/p>\n<p>During this study trip we will visit three cities; Dublin, Limerick and Cork.\u00a0Throughout the excursion, we will focus on the three different research groups we have in Eindhoven: Biomedical Imaging &amp; Modeling, Chemical Biology, and Regenerative Engineering and Materials.<\/p>\n<hr \/>\n<h2><strong>1. Dublin<\/strong><\/h2>\n<p>Dublin is the first city of our study trip. It is the capital and largest city of Ireland and it is situated on a bay on the east coast. The capital of one of the most charming island nation in the Norwegian Sea, is where you find every other building a true depiction of modern architectures, colorful alleys, booze bars, and a lot of things to explore.<\/p>\n<p><img loading=\"lazy\" decoding=\"async\" class=\"wp-image-254 alignleft\" src=\"http:\/\/www.protagoras.tue.nl\/BuEx\/wp-content\/uploads\/2021\/09\/Dublin-1.jpg\" alt=\"\" width=\"414\" height=\"215\" srcset=\"https:\/\/www.protagoras.tue.nl\/BuEx\/wp-content\/uploads\/2021\/09\/Dublin-1.jpg 1200w, https:\/\/www.protagoras.tue.nl\/BuEx\/wp-content\/uploads\/2021\/09\/Dublin-1-300x156.jpg 300w, https:\/\/www.protagoras.tue.nl\/BuEx\/wp-content\/uploads\/2021\/09\/Dublin-1-768x399.jpg 768w, https:\/\/www.protagoras.tue.nl\/BuEx\/wp-content\/uploads\/2021\/09\/Dublin-1-1024x532.jpg 1024w\" sizes=\"auto, (max-width: 414px) 100vw, 414px\" \/><\/p>\n<p>&nbsp;<\/p>\n<p>&nbsp;<\/p>\n<p>&nbsp;<\/p>\n<p>&nbsp;<\/p>\n<p>&nbsp;<\/p>\n<p>It is confirmed that we will visit <a href=\"https:\/\/www.tcd.ie\/\" target=\"_blank\" rel=\"noopener\"><strong><span style=\"color: #ff6600;\">Trinity College Dublin<\/span><\/strong><\/a> (or in Irish: Col\u00e1iste na Tr\u00edon\u00f3ide) while we are in Dublin! The college was founded in 1592 and has more than 15.000 students! It has a very rich history, which we want to discover with you when we visit this beautiful university. An impression can be found below:<\/p>\n<p><img loading=\"lazy\" decoding=\"async\" class=\"size-medium wp-image-499 alignleft\" src=\"http:\/\/www.protagoras.tue.nl\/BuEx\/wp-content\/uploads\/2021\/11\/TClogo-300x208.png\" alt=\"\" width=\"300\" height=\"208\" srcset=\"https:\/\/www.protagoras.tue.nl\/BuEx\/wp-content\/uploads\/2021\/11\/TClogo-300x208.png 300w, https:\/\/www.protagoras.tue.nl\/BuEx\/wp-content\/uploads\/2021\/11\/TClogo.png 400w\" sizes=\"auto, (max-width: 300px) 100vw, 300px\" \/><img loading=\"lazy\" decoding=\"async\" class=\" wp-image-497 alignleft\" src=\"http:\/\/www.protagoras.tue.nl\/BuEx\/wp-content\/uploads\/2021\/11\/TC1-300x158.jpg\" alt=\"\" width=\"311\" height=\"164\" srcset=\"https:\/\/www.protagoras.tue.nl\/BuEx\/wp-content\/uploads\/2021\/11\/TC1-300x158.jpg 300w, https:\/\/www.protagoras.tue.nl\/BuEx\/wp-content\/uploads\/2021\/11\/TC1-768x403.jpg 768w, https:\/\/www.protagoras.tue.nl\/BuEx\/wp-content\/uploads\/2021\/11\/TC1-1024x538.jpg 1024w, https:\/\/www.protagoras.tue.nl\/BuEx\/wp-content\/uploads\/2021\/11\/TC1.jpg 1200w\" sizes=\"auto, (max-width: 311px) 100vw, 311px\" \/><img loading=\"lazy\" decoding=\"async\" class=\" wp-image-498 alignleft\" src=\"http:\/\/www.protagoras.tue.nl\/BuEx\/wp-content\/uploads\/2021\/11\/TC2-300x215.jpg\" alt=\"\" width=\"283\" height=\"203\" srcset=\"https:\/\/www.protagoras.tue.nl\/BuEx\/wp-content\/uploads\/2021\/11\/TC2-300x215.jpg 300w, https:\/\/www.protagoras.tue.nl\/BuEx\/wp-content\/uploads\/2021\/11\/TC2.jpg 536w\" sizes=\"auto, (max-width: 283px) 100vw, 283px\" \/><\/p>\n<h2><\/h2>\n<p>&nbsp;<\/p>\n<p>For Trinity College, the focus will be on Tissue Engineering (TE). Nine professors are employed to look at the different TE challenges different tissues provide. You can think of bone tissue, cartilage, or heart tissue. With our contact person at Trinity, we are trying to set up a small symposium where several professors and Ph.D. students will tell you all about their research. Besides that, we will have the opportunity to walk through several labs to see how they work.<\/p>\n<hr \/>\n<h2><strong>2. Limerick<\/strong><\/h2>\n<p>On Wednesday morning we will travel to Limerick! This is the second city to be visited on our study trip. Limerick is a city with roughly 95.000 inhabitants and is located in the South-West part of Ireland. The city is divided into three parts: English Town, Irish Town and Newtown Pery. River Shannon, the longest river in Ireland, flows through the city of Limerick.<\/p>\n<p><img loading=\"lazy\" decoding=\"async\" class=\"wp-image-469 alignleft\" src=\"http:\/\/www.protagoras.tue.nl\/BuEx\/wp-content\/uploads\/2021\/11\/Limerick1-300x200.jpg\" alt=\"\" width=\"339\" height=\"226\" srcset=\"https:\/\/www.protagoras.tue.nl\/BuEx\/wp-content\/uploads\/2021\/11\/Limerick1-300x200.jpg 300w, https:\/\/www.protagoras.tue.nl\/BuEx\/wp-content\/uploads\/2021\/11\/Limerick1.jpg 669w\" sizes=\"auto, (max-width: 339px) 100vw, 339px\" \/><img loading=\"lazy\" decoding=\"async\" class=\" wp-image-470 alignleft\" src=\"http:\/\/www.protagoras.tue.nl\/BuEx\/wp-content\/uploads\/2021\/11\/Limerick2-300x225.jpg\" alt=\"\" width=\"301\" height=\"226\" srcset=\"https:\/\/www.protagoras.tue.nl\/BuEx\/wp-content\/uploads\/2021\/11\/Limerick2-300x225.jpg 300w, https:\/\/www.protagoras.tue.nl\/BuEx\/wp-content\/uploads\/2021\/11\/Limerick2-768x576.jpg 768w, https:\/\/www.protagoras.tue.nl\/BuEx\/wp-content\/uploads\/2021\/11\/Limerick2.jpg 936w\" sizes=\"auto, (max-width: 301px) 100vw, 301px\" \/><\/p>\n<h2><\/h2>\n<h2><\/h2>\n<hr \/>\n<h2><strong>3. Cork<\/strong><\/h2>\n<p>Last but not least! Cork is the third and final city of our study trip. It is the second largest city in Ireland, located in the south-west of Ireland on an island in the middle of the River Lee. Cork city was once fully walled, and the remnants of the old medieval town centre can be found around the South and North main streets. An impression of Cork can be seen below:<\/p>\n<p><img loading=\"lazy\" decoding=\"async\" class=\"wp-image-256 alignleft\" src=\"http:\/\/www.protagoras.tue.nl\/BuEx\/wp-content\/uploads\/2021\/09\/Cork.jpg\" alt=\"\" width=\"415\" height=\"277\" srcset=\"https:\/\/www.protagoras.tue.nl\/BuEx\/wp-content\/uploads\/2021\/09\/Cork.jpg 825w, https:\/\/www.protagoras.tue.nl\/BuEx\/wp-content\/uploads\/2021\/09\/Cork-300x200.jpg 300w, https:\/\/www.protagoras.tue.nl\/BuEx\/wp-content\/uploads\/2021\/09\/Cork-768x512.jpg 768w\" sizes=\"auto, (max-width: 415px) 100vw, 415px\" \/><\/p>\n<p>&nbsp;<\/p>\n<p>&nbsp;<\/p>\n<p>&nbsp;<\/p>\n<p>&nbsp;<\/p>\n<p>&nbsp;<\/p>\n<p>&nbsp;<\/p>\n<p>It is confirmed that we will be visiting<a href=\"https:\/\/www.ucc.ie\/en\/\" target=\"_blank\" rel=\"noopener\"><strong><span style=\"color: #ff6600;\"> University College Cork<\/span><\/strong><\/a> (UCC), or in Irish <i>Col\u00e1iste na hOllscoile Corcaigh<\/i>! UCC is a university that was established in 1845. UCC is ranked in the top 2% of universities in the world and over 22.500 students go to UCC. Below you will find an impression of what to expect when we visit UCC:<\/p>\n<p><img loading=\"lazy\" decoding=\"async\" class=\" wp-image-473 alignleft\" src=\"http:\/\/www.protagoras.tue.nl\/BuEx\/wp-content\/uploads\/2021\/11\/UCC-logo-300x143.png\" alt=\"\" width=\"313\" height=\"149\" srcset=\"https:\/\/www.protagoras.tue.nl\/BuEx\/wp-content\/uploads\/2021\/11\/UCC-logo-300x143.png 300w, https:\/\/www.protagoras.tue.nl\/BuEx\/wp-content\/uploads\/2021\/11\/UCC-logo-768x366.png 768w, https:\/\/www.protagoras.tue.nl\/BuEx\/wp-content\/uploads\/2021\/11\/UCC-logo.png 788w\" sizes=\"auto, (max-width: 313px) 100vw, 313px\" \/><\/p>\n<p><img loading=\"lazy\" decoding=\"async\" class=\"size-medium wp-image-474 alignleft\" src=\"http:\/\/www.protagoras.tue.nl\/BuEx\/wp-content\/uploads\/2021\/11\/UCC1-300x150.png\" alt=\"\" width=\"300\" height=\"150\" srcset=\"https:\/\/www.protagoras.tue.nl\/BuEx\/wp-content\/uploads\/2021\/11\/UCC1-300x150.png 300w, https:\/\/www.protagoras.tue.nl\/BuEx\/wp-content\/uploads\/2021\/11\/UCC1-768x384.png 768w, https:\/\/www.protagoras.tue.nl\/BuEx\/wp-content\/uploads\/2021\/11\/UCC1.png 1000w\" sizes=\"auto, (max-width: 300px) 100vw, 300px\" \/><\/p>\n<p><img loading=\"lazy\" decoding=\"async\" class=\" wp-image-475 alignleft\" src=\"http:\/\/www.protagoras.tue.nl\/BuEx\/wp-content\/uploads\/2021\/11\/UCChurling-298x300.jpg\" alt=\"\" width=\"150\" height=\"151\" srcset=\"https:\/\/www.protagoras.tue.nl\/BuEx\/wp-content\/uploads\/2021\/11\/UCChurling-298x300.jpg 298w, https:\/\/www.protagoras.tue.nl\/BuEx\/wp-content\/uploads\/2021\/11\/UCChurling-150x150.jpg 150w, https:\/\/www.protagoras.tue.nl\/BuEx\/wp-content\/uploads\/2021\/11\/UCChurling.jpg 705w\" sizes=\"auto, (max-width: 150px) 100vw, 150px\" \/><\/p>\n<p>&nbsp;<\/p>\n<p>&nbsp;<\/p>\n<p>&nbsp;<\/p>\n<p>&nbsp;<\/p>\n<p>At UCC, three different faculties are interesting for us: \u201cMedicine &amp; health\u201d, \u201cScience, Engineering &amp; food science\u201d, and \u201cbusiness law\u201d. With our contact person at UCC, we are arranging a two-day itinerary with the focus on getting to know the different faculties and research projects, getting to know what it is like to study in Cork by contacting students and the study association, and by learning more about the Irish culture by contacting the sports associations.<\/p>\n<p>Furthermore, we are trying to arrange a visit to the different research centers that are located outside Corks campus, like for example INFANT. The focus at UCC will be mainly on biomedical imaging since they have, among others, state of the art equipment used for neonatal surgery.\u00a0Of course, we will make sure that there is plenty of time to get to know Cork as well!<\/p>\n<hr \/>\n<p>&nbsp;<\/p>\n<p>&nbsp;<\/p>\n","protected":false},"excerpt":{"rendered":"<p>Information about Ireland The destination of this year\u2019s study trip is Ireland, a country which is well known for its green landscapes. It is therefore&hellip;<\/p>\n","protected":false},"author":1,"featured_media":0,"parent":0,"menu_order":0,"comment_status":"closed","ping_status":"closed","template":"","meta":{"footnotes":""},"class_list":["post-141","page","type-page","status-publish","hentry"],"_links":{"self":[{"href":"https:\/\/www.protagoras.tue.nl\/BuEx\/wp-json\/wp\/v2\/pages\/141","targetHints":{"allow":["GET"]}}],"collection":[{"href":"https:\/\/www.protagoras.tue.nl\/BuEx\/wp-json\/wp\/v2\/pages"}],"about":[{"href":"https:\/\/www.protagoras.tue.nl\/BuEx\/wp-json\/wp\/v2\/types\/page"}],"author":[{"embeddable":true,"href":"https:\/\/www.protagoras.tue.nl\/BuEx\/wp-json\/wp\/v2\/users\/1"}],"replies":[{"embeddable":true,"href":"https:\/\/www.protagoras.tue.nl\/BuEx\/wp-json\/wp\/v2\/comments?post=141"}],"version-history":[{"count":59,"href":"https:\/\/www.protagoras.tue.nl\/BuEx\/wp-json\/wp\/v2\/pages\/141\/revisions"}],"predecessor-version":[{"id":526,"href":"https:\/\/www.protagoras.tue.nl\/BuEx\/wp-json\/wp\/v2\/pages\/141\/revisions\/526"}],"wp:attachment":[{"href":"https:\/\/www.protagoras.tue.nl\/BuEx\/wp-json\/wp\/v2\/media?parent=141"}],"curies":[{"name":"wp","href":"https:\/\/api.w.org\/{rel}","templated":true}]}}